{"id":30,"date":"2023-08-17T12:12:05","date_gmt":"2023-08-17T12:12:05","guid":{"rendered":"https:\/\/dr-sagert.de\/?page_id=30"},"modified":"2023-08-17T12:12:05","modified_gmt":"2023-08-17T12:12:05","slug":"30-2","status":"publish","type":"page","link":"https:\/\/dr-sagert.de\/","title":{"rendered":"Ohne Titel"},"content":{"rendered":"\n<p style=\"padding-top:0;padding-bottom:0;font-size:65px;font-style:normal;font-weight:600\">Dr. med. B. Sagert<\/p>\n\n\n\n<p style=\"padding-top:0;padding-bottom:var(--wp--preset--spacing--40);font-size:20px;font-style:normal;font-weight:600;line-height:1.5\">Fach\u00e4rztin f\u00fcr Allgemeinmedizin mit Zusatzbezeichung Psychoanalyse und Psychotherapie<\/p>\n\n\n\n<p style=\"font-size:18px;line-height:1.4\">Liebe Patientinnen,<br>Liebe Patienten!<\/p>\n\n\n\n<p style=\"font-size:18px;line-height:1.4\">Ich bin seit dem Jahr 2022 ausschlie\u00dflich psychotherapeutisch t\u00e4tig und habe derzeit leider keine zus\u00e4tzlichen Behandlungskapazit\u00e4ten.<\/p>\n\n\n\n<p style=\"font-size:18px;line-height:1.4\">Sie k\u00f6nnen sich haus\u00e4rztlich weiter behandeln lassen bei:<\/p>\n\n\n\n<p style=\"font-size:18px;line-height:1.4\">Dr. Annette Schmid<br>\u00c4rztehaus am Schlachtensee<br>Breisgauer Str. 1a<br>14129 Berlin<br>T 030-8032936<\/p>\n\n\n\n<p style=\"font-size:18px;line-height:1.4\">Die Akten sind dort sicher verwahrt.<\/p>\n\n\n\n<p style=\"font-size:18px;line-height:1.4\">Ich w\u00fcnsche allen Patienten Gesundheit und Lebensfreude!<\/p>\n\n\n\n<p style=\"font-size:18px;line-height:1.4\">Ihre<br>B. Sagert<\/p>\n","protected":false},"excerpt":{"rendered":"<p>Dr. med. B. Sagert Fach\u00e4rztin f\u00fcr Allgemeinmedizin mit Zusatzbezeichung Psychoanalyse und Psychotherapie Liebe Patientinnen,Liebe Patienten! Ich bin seit dem Jahr 2022 ausschlie\u00dflich psychotherapeutisch t\u00e4tig und habe derzeit leider keine zus\u00e4tzlichen Behandlungskapazit\u00e4ten. Sie k\u00f6nnen sich haus\u00e4rztlich weiter behandeln lassen bei: Dr. Annette Schmid\u00c4rztehaus am SchlachtenseeBreisgauer Str. 1a14129 BerlinT 030-8032936 Die Akten sind dort sicher verwahrt. Ich&hellip; <a class=\"more-link\" href=\"https:\/\/dr-sagert.de\/\"><span class=\"screen-reader-text\">Ohne Titel<\/span> weiterlesen<\/a><\/p>\n","protected":false},"author":1,"featured_media":0,"parent":0,"menu_order":0,"comment_status":"closed","ping_status":"closed","template":"","meta":{"footnotes":""},"class_list":["post-30","page","type-page","status-publish","hentry","entry"],"_links":{"self":[{"href":"https:\/\/dr-sagert.de\/index.php?rest_route=\/wp\/v2\/pages\/30","targetHints":{"allow":["GET"]}}],"collection":[{"href":"https:\/\/dr-sagert.de\/index.php?rest_route=\/wp\/v2\/pages"}],"about":[{"href":"https:\/\/dr-sagert.de\/index.php?rest_route=\/wp\/v2\/types\/page"}],"author":[{"embeddable":true,"href":"https:\/\/dr-sagert.de\/index.php?rest_route=\/wp\/v2\/users\/1"}],"replies":[{"embeddable":true,"href":"https:\/\/dr-sagert.de\/index.php?rest_route=%2Fwp%2Fv2%2Fcomments&post=30"}],"version-history":[{"count":1,"href":"https:\/\/dr-sagert.de\/index.php?rest_route=\/wp\/v2\/pages\/30\/revisions"}],"predecessor-version":[{"id":31,"href":"https:\/\/dr-sagert.de\/index.php?rest_route=\/wp\/v2\/pages\/30\/revisions\/31"}],"wp:attachment":[{"href":"https:\/\/dr-sagert.de\/index.php?rest_route=%2Fwp%2Fv2%2Fmedia&parent=30"}],"curies":[{"name":"wp","href":"https:\/\/api.w.org\/{rel}","templated":true}]}}